{"id":32,"date":"2019-02-13T09:23:33","date_gmt":"2019-02-13T09:23:33","guid":{"rendered":"http:\/\/atenhierontapiste.vmhdata.com\/?page_id=32"},"modified":"2026-04-28T10:16:08","modified_gmt":"2026-04-28T10:16:08","slug":"hieronnan-esteet","status":"publish","type":"page","link":"https:\/\/atenhierontapiste.fi\/?page_id=32","title":{"rendered":"Palvelut"},"content":{"rendered":"\t\t<div data-elementor-type=\"wp-page\" data-elementor-id=\"32\" class=\"elementor elementor-32\" data-elementor-post-type=\"page\">\n\t\t\t\t<div class=\"elementor-element elementor-element-226061f e-con-full e-flex e-con e-parent\" data-id=\"226061f\" data-element_type=\"container\" data-e-type=\"container\" data-settings=\"{&quot;background_background&quot;:&quot;classic&quot;}\">\n\t\t\t\t<div class=\"elementor-element elementor-element-85d8c73 elementor-invisible elementor-widget elementor-widget-heading\" data-id=\"85d8c73\" data-element_type=\"widget\" data-e-type=\"widget\" data-settings=\"{&quot;_animation&quot;:&quot;fadeIn&quot;}\" data-widget_type=\"heading.default\">\n\t\t\t\t<div class=\"elementor-widget-container\">\n\t\t\t\t\t<h2 class=\"elementor-heading-title elementor-size-default\">Palvelut<\/h2>\t\t\t\t<\/div>\n\t\t\t\t<\/div>\n\t\t\t\t<\/div>\n\t\t<div class=\"elementor-element elementor-element-caf1809 e-con-full e-flex e-con e-parent\" data-id=\"caf1809\" data-element_type=\"container\" data-e-type=\"container\">\n\t\t\t\t<div class=\"elementor-element elementor-element-d17cab1 elementor-widget elementor-widget-image\" data-id=\"d17cab1\" data-element_type=\"widget\" data-e-type=\"widget\" data-widget_type=\"image.default\">\n\t\t\t\t<div class=\"elementor-widget-container\">\n\t\t\t\t\t\t\t\t\t\t\t\t\t\t\t<img fetchpriority=\"high\" decoding=\"async\" width=\"2560\" height=\"1707\" src=\"https:\/\/atenhierontapiste.fi\/wp-content\/uploads\/2024\/02\/P1499313-2-scaled.jpg\" class=\"attachment-full size-full wp-image-774\" alt=\"\" srcset=\"https:\/\/atenhierontapiste.fi\/wp-content\/uploads\/2024\/02\/P1499313-2-scaled.jpg 2560w, https:\/\/atenhierontapiste.fi\/wp-content\/uploads\/2024\/02\/P1499313-2-300x200.jpg 300w, https:\/\/atenhierontapiste.fi\/wp-content\/uploads\/2024\/02\/P1499313-2-1024x683.jpg 1024w, https:\/\/atenhierontapiste.fi\/wp-content\/uploads\/2024\/02\/P1499313-2-768x512.jpg 768w, https:\/\/atenhierontapiste.fi\/wp-content\/uploads\/2024\/02\/P1499313-2-1536x1024.jpg 1536w, https:\/\/atenhierontapiste.fi\/wp-content\/uploads\/2024\/02\/P1499313-2-2048x1365.jpg 2048w\" sizes=\"(max-width: 2560px) 100vw, 2560px\" \/>\t\t\t\t\t\t\t\t\t\t\t\t\t\t\t<\/div>\n\t\t\t\t<\/div>\n\t\t\t\t<\/div>\n\t\t<div class=\"elementor-element elementor-element-df62395 e-con-full e-flex e-con e-parent\" data-id=\"df62395\" data-element_type=\"container\" data-e-type=\"container\">\n\t\t<div class=\"elementor-element elementor-element-f40459d e-con-full e-flex e-con e-child\" data-id=\"f40459d\" data-element_type=\"container\" data-e-type=\"container\">\n\t\t\t\t<div class=\"elementor-element elementor-element-da0cf2a elementor-widget elementor-widget-heading\" data-id=\"da0cf2a\" data-element_type=\"widget\" data-e-type=\"widget\" data-widget_type=\"heading.default\">\n\t\t\t\t<div class=\"elementor-widget-container\">\n\t\t\t\t\t<h2 class=\"elementor-heading-title elementor-size-default\">Osteopatia\n\n<\/h2>\t\t\t\t<\/div>\n\t\t\t\t<\/div>\n\t\t\t\t<div class=\"elementor-element elementor-element-12a913b elementor-widget elementor-widget-text-editor\" data-id=\"12a913b\" data-element_type=\"widget\" data-e-type=\"widget\" data-widget_type=\"text-editor.default\">\n\t\t\t\t<div class=\"elementor-widget-container\">\n\t\t\t\t\t\t\t\t\t<p>Osteopatialla hoidetaan kehon kiputiloja, liikerajoituksia ja toiminnallisia h\u00e4iri\u00f6it\u00e4 monipuolisilla, manuaalisilla hoitotekniikoilla. Osteopatia on lempe\u00e4\u00e4 ja kehoa kunnioittavaa, jonka takia se sopiikin erinomaisesti ihan kenelle vain. Jokainen ihminen on erilainen, vaikka kyseess\u00e4 olisikin samantyyppinen vaiva. Sen takia hoito r\u00e4\u00e4t\u00e4l\u00f6id\u00e4\u00e4n tarkasti juuri sinun tarpeidesi ja tavoitteidesi mukaisiksi. Osteopatia on tieteellisesti perusteltu ja tutkittu hoitomuoto, joka hy\u00f6dynt\u00e4\u00e4 laajaa anatomian, fysiologian tuntemusta.<\/p><p>Osteopaatti pyrkii palauttamaan kehon normaalin liikkuvuuden, aineenvaihdunnan ja hermoston toiminnan. Suosittelen t\u00e4t\u00e4 palvelua mik\u00e4li sinulla on jokin vaiva.\u00a0<\/p>\t\t\t\t\t\t\t\t<\/div>\n\t\t\t\t<\/div>\n\t\t\t\t<div class=\"elementor-element elementor-element-78cf921 elementor-widget elementor-widget-image\" data-id=\"78cf921\" data-element_type=\"widget\" data-e-type=\"widget\" data-widget_type=\"image.default\">\n\t\t\t\t<div class=\"elementor-widget-container\">\n\t\t\t\t\t\t\t\t\t\t\t\t\t\t\t<img decoding=\"async\" width=\"2560\" height=\"1707\" src=\"https:\/\/atenhierontapiste.fi\/wp-content\/uploads\/2024\/02\/P1499397-1-scaled.jpg\" class=\"attachment-full size-full wp-image-803\" alt=\"\" srcset=\"https:\/\/atenhierontapiste.fi\/wp-content\/uploads\/2024\/02\/P1499397-1-scaled.jpg 2560w, https:\/\/atenhierontapiste.fi\/wp-content\/uploads\/2024\/02\/P1499397-1-300x200.jpg 300w, https:\/\/atenhierontapiste.fi\/wp-content\/uploads\/2024\/02\/P1499397-1-1024x683.jpg 1024w, https:\/\/atenhierontapiste.fi\/wp-content\/uploads\/2024\/02\/P1499397-1-768x512.jpg 768w, https:\/\/atenhierontapiste.fi\/wp-content\/uploads\/2024\/02\/P1499397-1-1536x1024.jpg 1536w, https:\/\/atenhierontapiste.fi\/wp-content\/uploads\/2024\/02\/P1499397-1-2048x1365.jpg 2048w\" sizes=\"(max-width: 2560px) 100vw, 2560px\" \/>\t\t\t\t\t\t\t\t\t\t\t\t\t\t\t<\/div>\n\t\t\t\t<\/div>\n\t\t\t\t<\/div>\n\t\t\t\t<\/div>\n\t\t<div class=\"elementor-element elementor-element-23c507c e-con-full e-flex e-con e-parent\" data-id=\"23c507c\" data-element_type=\"container\" data-e-type=\"container\">\n\t\t<div class=\"elementor-element elementor-element-56a99ba e-con-full e-flex e-con e-child\" data-id=\"56a99ba\" data-element_type=\"container\" data-e-type=\"container\">\n\t\t\t\t<div class=\"elementor-element elementor-element-2fcb435 elementor-widget elementor-widget-heading\" data-id=\"2fcb435\" data-element_type=\"widget\" data-e-type=\"widget\" data-widget_type=\"heading.default\">\n\t\t\t\t<div class=\"elementor-widget-container\">\n\t\t\t\t\t<h2 class=\"elementor-heading-title elementor-size-default\">Purentalihashieronta <\/h2>\t\t\t\t<\/div>\n\t\t\t\t<\/div>\n\t\t\t\t<div class=\"elementor-element elementor-element-9e1e680 elementor-widget__width-inherit elementor-widget elementor-widget-text-editor\" data-id=\"9e1e680\" data-element_type=\"widget\" data-e-type=\"widget\" data-widget_type=\"text-editor.default\">\n\t\t\t\t<div class=\"elementor-widget-container\">\n\t\t\t\t\t\t\t\t\t<p style=\"text-align: center;\">Purentalihashieronta on hoitomuoto, jossa k\u00e4sitell\u00e4\u00e4n niskahartiaseutua, rintakeh\u00e4n ja kaulanaluetta, sek\u00e4 p\u00e4\u00e4n ja kasvojen lihaksistoa.<\/p><p style=\"text-align: center;\">Purentalihaksia k\u00e4sitell\u00e4\u00e4n kasvojen p\u00e4\u00e4lt\u00e4, sek\u00e4 asiakkaan halutessa my\u00f6s suun sis\u00e4puolelta. Hieronnalla voidaan helpottaa p\u00e4\u00e4n sek\u00e4 leuan alueen s\u00e4rkyj\u00e4 ja kiputiloja.\u00a0<\/p>\t\t\t\t\t\t\t\t<\/div>\n\t\t\t\t<\/div>\n\t\t\t\t<div class=\"elementor-element elementor-element-74684ec elementor-widget elementor-widget-heading\" data-id=\"74684ec\" data-element_type=\"widget\" data-e-type=\"widget\" data-widget_type=\"heading.default\">\n\t\t\t\t<div class=\"elementor-widget-container\">\n\t\t\t\t\t<h2 class=\"elementor-heading-title elementor-size-default\">Tyypilliset purentaelimist\u00f6n oireet<\/h2>\t\t\t\t<\/div>\n\t\t\t\t<\/div>\n\t\t\t\t<div class=\"elementor-element elementor-element-e56caae elementor-icon-list--layout-traditional elementor-list-item-link-full_width elementor-widget elementor-widget-icon-list\" data-id=\"e56caae\" data-element_type=\"widget\" data-e-type=\"widget\" data-widget_type=\"icon-list.default\">\n\t\t\t\t<div class=\"elementor-widget-container\">\n\t\t\t\t\t\t\t<ul class=\"elementor-icon-list-items\">\n\t\t\t\t\t\t\t<li class=\"elementor-icon-list-item\">\n\t\t\t\t\t\t\t\t\t\t\t<span class=\"elementor-icon-list-icon\">\n\t\t\t\t\t\t\t<svg aria-hidden=\"true\" class=\"e-font-icon-svg e-fas-chevron-right\" viewBox=\"0 0 320 512\" xmlns=\"http:\/\/www.w3.org\/2000\/svg\"><path d=\"M285.476 272.971L91.132 467.314c-9.373 9.373-24.569 9.373-33.941 0l-22.667-22.667c-9.357-9.357-9.375-24.522-.04-33.901L188.505 256 34.484 101.255c-9.335-9.379-9.317-24.544.04-33.901l22.667-22.667c9.373-9.373 24.569-9.373 33.941 0L285.475 239.03c9.373 9.372 9.373 24.568.001 33.941z\"><\/path><\/svg>\t\t\t\t\t\t<\/span>\n\t\t\t\t\t\t\t\t\t\t<span class=\"elementor-icon-list-text\">leukanivelten tai purentalihasten kipu<\/span>\n\t\t\t\t\t\t\t\t\t<\/li>\n\t\t\t\t\t\t\t\t<li class=\"elementor-icon-list-item\">\n\t\t\t\t\t\t\t\t\t\t\t<span class=\"elementor-icon-list-icon\">\n\t\t\t\t\t\t\t<svg aria-hidden=\"true\" class=\"e-font-icon-svg e-fas-chevron-right\" viewBox=\"0 0 320 512\" xmlns=\"http:\/\/www.w3.org\/2000\/svg\"><path d=\"M285.476 272.971L91.132 467.314c-9.373 9.373-24.569 9.373-33.941 0l-22.667-22.667c-9.357-9.357-9.375-24.522-.04-33.901L188.505 256 34.484 101.255c-9.335-9.379-9.317-24.544.04-33.901l22.667-22.667c9.373-9.373 24.569-9.373 33.941 0L285.475 239.03c9.373 9.372 9.373 24.568.001 33.941z\"><\/path><\/svg>\t\t\t\t\t\t<\/span>\n\t\t\t\t\t\t\t\t\t\t<span class=\"elementor-icon-list-text\">leukanivel\u00e4\u00e4net<\/span>\n\t\t\t\t\t\t\t\t\t<\/li>\n\t\t\t\t\t\t\t\t<li class=\"elementor-icon-list-item\">\n\t\t\t\t\t\t\t\t\t\t\t<span class=\"elementor-icon-list-icon\">\n\t\t\t\t\t\t\t<svg aria-hidden=\"true\" class=\"e-font-icon-svg e-fas-chevron-right\" viewBox=\"0 0 320 512\" xmlns=\"http:\/\/www.w3.org\/2000\/svg\"><path d=\"M285.476 272.971L91.132 467.314c-9.373 9.373-24.569 9.373-33.941 0l-22.667-22.667c-9.357-9.357-9.375-24.522-.04-33.901L188.505 256 34.484 101.255c-9.335-9.379-9.317-24.544.04-33.901l22.667-22.667c9.373-9.373 24.569-9.373 33.941 0L285.475 239.03c9.373 9.372 9.373 24.568.001 33.941z\"><\/path><\/svg>\t\t\t\t\t\t<\/span>\n\t\t\t\t\t\t\t\t\t\t<span class=\"elementor-icon-list-text\">leukojen v\u00e4syminen ja j\u00e4ykkyys<\/span>\n\t\t\t\t\t\t\t\t\t<\/li>\n\t\t\t\t\t\t\t\t<li class=\"elementor-icon-list-item\">\n\t\t\t\t\t\t\t\t\t\t\t<span class=\"elementor-icon-list-icon\">\n\t\t\t\t\t\t\t<svg aria-hidden=\"true\" class=\"e-font-icon-svg e-fas-chevron-right\" viewBox=\"0 0 320 512\" xmlns=\"http:\/\/www.w3.org\/2000\/svg\"><path d=\"M285.476 272.971L91.132 467.314c-9.373 9.373-24.569 9.373-33.941 0l-22.667-22.667c-9.357-9.357-9.375-24.522-.04-33.901L188.505 256 34.484 101.255c-9.335-9.379-9.317-24.544.04-33.901l22.667-22.667c9.373-9.373 24.569-9.373 33.941 0L285.475 239.03c9.373 9.372 9.373 24.568.001 33.941z\"><\/path><\/svg>\t\t\t\t\t\t<\/span>\n\t\t\t\t\t\t\t\t\t\t<span class=\"elementor-icon-list-text\">suun rajoittunut avautuminen ja alaleuan liikeh\u00e4iri\u00f6t<\/span>\n\t\t\t\t\t\t\t\t\t<\/li>\n\t\t\t\t\t\t\t\t<li class=\"elementor-icon-list-item\">\n\t\t\t\t\t\t\t\t\t\t\t<span class=\"elementor-icon-list-icon\">\n\t\t\t\t\t\t\t<svg aria-hidden=\"true\" class=\"e-font-icon-svg e-fas-chevron-right\" viewBox=\"0 0 320 512\" xmlns=\"http:\/\/www.w3.org\/2000\/svg\"><path d=\"M285.476 272.971L91.132 467.314c-9.373 9.373-24.569 9.373-33.941 0l-22.667-22.667c-9.357-9.357-9.375-24.522-.04-33.901L188.505 256 34.484 101.255c-9.335-9.379-9.317-24.544.04-33.901l22.667-22.667c9.373-9.373 24.569-9.373 33.941 0L285.475 239.03c9.373 9.372 9.373 24.568.001 33.941z\"><\/path><\/svg>\t\t\t\t\t\t<\/span>\n\t\t\t\t\t\t\t\t\t\t<span class=\"elementor-icon-list-text\">p\u00e4\u00e4ns\u00e4rky<\/span>\n\t\t\t\t\t\t\t\t\t<\/li>\n\t\t\t\t\t\t\t\t<li class=\"elementor-icon-list-item\">\n\t\t\t\t\t\t\t\t\t\t\t<span class=\"elementor-icon-list-icon\">\n\t\t\t\t\t\t\t<svg aria-hidden=\"true\" class=\"e-font-icon-svg e-fas-chevron-right\" viewBox=\"0 0 320 512\" xmlns=\"http:\/\/www.w3.org\/2000\/svg\"><path d=\"M285.476 272.971L91.132 467.314c-9.373 9.373-24.569 9.373-33.941 0l-22.667-22.667c-9.357-9.357-9.375-24.522-.04-33.901L188.505 256 34.484 101.255c-9.335-9.379-9.317-24.544.04-33.901l22.667-22.667c9.373-9.373 24.569-9.373 33.941 0L285.475 239.03c9.373 9.372 9.373 24.568.001 33.941z\"><\/path><\/svg>\t\t\t\t\t\t<\/span>\n\t\t\t\t\t\t\t\t\t\t<span class=\"elementor-icon-list-text\">kasvokipu<\/span>\n\t\t\t\t\t\t\t\t\t<\/li>\n\t\t\t\t\t\t<\/ul>\n\t\t\t\t\t\t<\/div>\n\t\t\t\t<\/div>\n\t\t\t\t<\/div>\n\t\t<div class=\"elementor-element elementor-element-255640a e-con-full e-flex e-con e-child\" data-id=\"255640a\" data-element_type=\"container\" data-e-type=\"container\">\n\t\t\t\t<div class=\"elementor-element elementor-element-907fa22 elementor-widget-tablet__width-inherit elementor-widget-mobile__width-inherit elementor-widget elementor-widget-image\" data-id=\"907fa22\" data-element_type=\"widget\" data-e-type=\"widget\" data-widget_type=\"image.default\">\n\t\t\t\t<div class=\"elementor-widget-container\">\n\t\t\t\t\t\t\t\t\t\t\t\t\t\t\t<img decoding=\"async\" width=\"1707\" height=\"2560\" src=\"https:\/\/atenhierontapiste.fi\/wp-content\/uploads\/2024\/02\/P1499505-1-scaled.jpg\" class=\"attachment-full size-full wp-image-805\" alt=\"\" srcset=\"https:\/\/atenhierontapiste.fi\/wp-content\/uploads\/2024\/02\/P1499505-1-scaled.jpg 1707w, https:\/\/atenhierontapiste.fi\/wp-content\/uploads\/2024\/02\/P1499505-1-200x300.jpg 200w, https:\/\/atenhierontapiste.fi\/wp-content\/uploads\/2024\/02\/P1499505-1-683x1024.jpg 683w, https:\/\/atenhierontapiste.fi\/wp-content\/uploads\/2024\/02\/P1499505-1-768x1152.jpg 768w, https:\/\/atenhierontapiste.fi\/wp-content\/uploads\/2024\/02\/P1499505-1-1024x1536.jpg 1024w, https:\/\/atenhierontapiste.fi\/wp-content\/uploads\/2024\/02\/P1499505-1-1365x2048.jpg 1365w\" sizes=\"(max-width: 1707px) 100vw, 1707px\" \/>\t\t\t\t\t\t\t\t\t\t\t\t\t\t\t<\/div>\n\t\t\t\t<\/div>\n\t\t\t\t<\/div>\n\t\t\t\t<\/div>\n\t\t<div class=\"elementor-element elementor-element-50d0b17 e-con-full e-flex e-con e-parent\" data-id=\"50d0b17\" data-element_type=\"container\" data-e-type=\"container\">\n\t\t\t\t<div class=\"elementor-element elementor-element-4300273 elementor-widget elementor-widget-heading\" data-id=\"4300273\" data-element_type=\"widget\" data-e-type=\"widget\" data-widget_type=\"heading.default\">\n\t\t\t\t<div class=\"elementor-widget-container\">\n\t\t\t\t\t<h2 class=\"elementor-heading-title elementor-size-default\">Hieronta<\/h2>\t\t\t\t<\/div>\n\t\t\t\t<\/div>\n\t\t\t\t<div class=\"elementor-element elementor-element-91e70f7 elementor-widget elementor-widget-heading\" data-id=\"91e70f7\" data-element_type=\"widget\" data-e-type=\"widget\" data-widget_type=\"heading.default\">\n\t\t\t\t<div class=\"elementor-widget-container\">\n\t\t\t\t\t<h2 class=\"elementor-heading-title elementor-size-default\">Osteopaatin tekem\u00e4n\u00e4<\/h2>\t\t\t\t<\/div>\n\t\t\t\t<\/div>\n\t\t\t\t<div class=\"elementor-element elementor-element-427a34e elementor-widget elementor-widget-text-editor\" data-id=\"427a34e\" data-element_type=\"widget\" data-e-type=\"widget\" data-widget_type=\"text-editor.default\">\n\t\t\t\t<div class=\"elementor-widget-container\">\n\t\t\t\t\t\t\t\t\t<p>T\u00e4ss\u00e4 palvelussa yhdistet\u00e4\u00e4n hieronnan sek\u00e4 osteopatian ja muiden k\u00e4ymieni manuaalitererapian lis\u00e4koulutuksien tekniikoita.\u00a0Hieronta on manuaalinen hoitomuoto, jossa k\u00e4sitell\u00e4\u00e4n kehon pehmytkudoksia, kuten lihaksia ja nivelsiteit\u00e4. Hierontaa voidaan k\u00e4ytt\u00e4\u00e4 rentouttavana ja stressi\u00e4 lievitt\u00e4v\u00e4n\u00e4 hoitona sek\u00e4 lihasj\u00e4nnityksen, kivun, liikkuvuuden rajoitusten tai vammojen helpottamiseksi. My\u00f6s kinesioteippaukset kuuluvat palvelun hintaan.\u00a0<\/p>\t\t\t\t\t\t\t\t<\/div>\n\t\t\t\t<\/div>\n\t\t\t\t<div class=\"elementor-element elementor-element-70aa337 elementor-widget-tablet__width-inherit elementor-widget-mobile__width-inherit elementor-widget elementor-widget-image\" data-id=\"70aa337\" data-element_type=\"widget\" data-e-type=\"widget\" data-widget_type=\"image.default\">\n\t\t\t\t<div class=\"elementor-widget-container\">\n\t\t\t\t\t\t\t\t\t\t\t\t\t\t\t<img loading=\"lazy\" decoding=\"async\" width=\"2560\" height=\"1707\" src=\"https:\/\/atenhierontapiste.fi\/wp-content\/uploads\/2026\/04\/P1499428-scaled.jpg\" class=\"attachment-full size-full wp-image-1195\" alt=\"\" srcset=\"https:\/\/atenhierontapiste.fi\/wp-content\/uploads\/2026\/04\/P1499428-scaled.jpg 2560w, https:\/\/atenhierontapiste.fi\/wp-content\/uploads\/2026\/04\/P1499428-300x200.jpg 300w, https:\/\/atenhierontapiste.fi\/wp-content\/uploads\/2026\/04\/P1499428-1024x683.jpg 1024w, https:\/\/atenhierontapiste.fi\/wp-content\/uploads\/2026\/04\/P1499428-768x512.jpg 768w, https:\/\/atenhierontapiste.fi\/wp-content\/uploads\/2026\/04\/P1499428-1536x1024.jpg 1536w, https:\/\/atenhierontapiste.fi\/wp-content\/uploads\/2026\/04\/P1499428-2048x1365.jpg 2048w\" sizes=\"(max-width: 2560px) 100vw, 2560px\" \/>\t\t\t\t\t\t\t\t\t\t\t\t\t\t\t<\/div>\n\t\t\t\t<\/div>\n\t\t\t\t<\/div>\n\t\t\t\t<\/div>\n\t\t","protected":false},"excerpt":{"rendered":"<p>Palvelut Osteopatia Osteopatialla hoidetaan kehon kiputiloja, liikerajoituksia ja toiminnallisia h\u00e4iri\u00f6it\u00e4 monipuolisilla, manuaalisilla hoitotekniikoilla. Osteopatia on lempe\u00e4\u00e4 ja kehoa kunnioittavaa, jonka takia se sopiikin erinomaisesti ihan kenelle vain. Jokainen ihminen on erilainen, vaikka kyseess\u00e4 olisikin samantyyppinen vaiva. Sen takia hoito r\u00e4\u00e4t\u00e4l\u00f6id\u00e4\u00e4n tarkasti juuri sinun tarpeidesi ja tavoitteidesi mukaisiksi. Osteopatia on tieteellisesti perusteltu ja tutkittu hoitomuoto, joka hy\u00f6dynt\u00e4\u00e4 laajaa anatomian, fysiologian tuntemusta. [&hellip;]<\/p>\n","protected":false},"author":1,"featured_media":0,"parent":0,"menu_order":0,"comment_status":"closed","ping_status":"closed","template":"elementor_header_footer","meta":{"_kadence_starter_templates_imported_post":false,"footnotes":""},"class_list":["post-32","page","type-page","status-publish","hentry"],"aioseo_notices":[],"_links":{"self":[{"href":"https:\/\/atenhierontapiste.fi\/index.php?rest_route=\/wp\/v2\/pages\/32","targetHints":{"allow":["GET"]}}],"collection":[{"href":"https:\/\/atenhierontapiste.fi\/index.php?rest_route=\/wp\/v2\/pages"}],"about":[{"href":"https:\/\/atenhierontapiste.fi\/index.php?rest_route=\/wp\/v2\/types\/page"}],"author":[{"embeddable":true,"href":"https:\/\/atenhierontapiste.fi\/index.php?rest_route=\/wp\/v2\/users\/1"}],"replies":[{"embeddable":true,"href":"https:\/\/atenhierontapiste.fi\/index.php?rest_route=%2Fwp%2Fv2%2Fcomments&post=32"}],"version-history":[{"count":107,"href":"https:\/\/atenhierontapiste.fi\/index.php?rest_route=\/wp\/v2\/pages\/32\/revisions"}],"predecessor-version":[{"id":1218,"href":"https:\/\/atenhierontapiste.fi\/index.php?rest_route=\/wp\/v2\/pages\/32\/revisions\/1218"}],"wp:attachment":[{"href":"https:\/\/atenhierontapiste.fi\/index.php?rest_route=%2Fwp%2Fv2%2Fmedia&parent=32"}],"curies":[{"name":"wp","href":"https:\/\/api.w.org\/{rel}","templated":true}]}}